{"id":159,"date":"2025-12-14T11:00:57","date_gmt":"2025-12-14T10:00:57","guid":{"rendered":"http:\/\/ingardi.com\/?page_id=159"},"modified":"2026-04-14T13:46:14","modified_gmt":"2026-04-14T11:46:14","slug":"contacto","status":"publish","type":"page","link":"https:\/\/ingardi.com\/?page_id=159","title":{"rendered":"_contacto"},"content":{"rendered":"<p>[et_pb_section fb_built=\u00bb1&#8243; admin_label=\u00bbHeader\u00bb _builder_version=\u00bb4.27.5&#8243; use_background_color_gradient=\u00bbon\u00bb background_color_gradient_type=\u00bbcircular\u00bb background_color_gradient_direction_radial=\u00bbtop left\u00bb background_color_gradient_stops=\u00bbrgba(255,255,255,0.89) 30%|rgba(255,255,255,0) 80%\u00bb background_color_gradient_overlays_image=\u00bbon\u00bb background_color_gradient_start=\u00bbrgba(255,255,255,0.89)\u00bb background_color_gradient_start_position=\u00bb30%\u00bb background_color_gradient_end=\u00bbrgba(255,255,255,0)\u00bb background_color_gradient_end_position=\u00bb80%\u00bb background_image=\u00bbhttps:\/\/ingardi.com\/wp-content\/uploads\/2025\/12\/image-39.jpg\u00bb background_position=\u00bbcenter_left\u00bb custom_padding=\u00bb8vw|0px|0|0px|false|false\u00bb locked=\u00bboff\u00bb global_colors_info=\u00bb{}\u00bb][et_pb_row _builder_version=\u00bb4.16&#8243; global_colors_info=\u00bb{}\u00bb][et_pb_column type=\u00bb4_4&#8243; _builder_version=\u00bb4.16&#8243; custom_padding=\u00bb|||\u00bb global_colors_info=\u00bb{}\u00bb custom_padding__hover=\u00bb|||\u00bb][et_pb_text _builder_version=\u00bb4.27.4&#8243; text_font=\u00bb||||||||\u00bb header_font=\u00bbRaleway|700|||||||\u00bb header_font_size=\u00bb80px\u00bb header_line_height=\u00bb1.2em\u00bb header_5_font=\u00bbRaleway|700|||||||\u00bb header_5_text_color=\u00bb#000000&#8243; header_5_font_size=\u00bb20px\u00bb header_5_letter_spacing=\u00bb0.5em\u00bb header_5_line_height=\u00bb1.8em\u00bb animation_style=\u00bbzoom\u00bb animation_intensity_zoom=\u00bb5%\u00bb hover_enabled=\u00bb0&#8243; header_font_size_tablet=\u00bb48px\u00bb header_font_size_phone=\u00bb32px\u00bb header_font_size_last_edited=\u00bbon|phone\u00bb header_5_font_size_tablet=\u00bb14px\u00bb header_5_font_size_phone=\u00bb12px\u00bb header_5_font_size_last_edited=\u00bbon|desktop\u00bb global_colors_info=\u00bb{}\u00bb sticky_enabled=\u00bb0&#8243;]<\/p>\n<h5>_m\u00e1s que un<\/h5>\n<h1>\u00a0 \u00a0 \u00a0 \u00a0 \u00a0 \u00a0Contacto<\/h1>\n<p>[\/et_pb_text][\/et_pb_column][\/et_pb_row][et_pb_row column_structure=\u00bb1_4,1_4,1_4,1_4&#8243; use_custom_gutter=\u00bbon\u00bb make_equal=\u00bbon\u00bb custom_padding_last_edited=\u00bbon|desktop\u00bb _builder_version=\u00bb4.27.4&#8243; background_color=\u00bbRGBA(255,255,255,0)\u00bb width=\u00bb90%\u00bb max_width=\u00bb90%\u00bb module_alignment=\u00bbleft\u00bb custom_margin=\u00bb8vw||||false\u00bb custom_padding=\u00bb0|0px|0px|15vw|false|false\u00bb custom_padding_tablet=\u00bb|||10vw\u00bb custom_padding_phone=\u00bb\u00bb animation_style=\u00bbslide\u00bb animation_direction=\u00bbleft\u00bb animation_intensity_slide=\u00bb5%\u00bb use_custom_width=\u00bbon\u00bb width_unit=\u00bboff\u00bb custom_width_percent=\u00bb90%\u00bb locked=\u00bboff\u00bb global_colors_info=\u00bb{}\u00bb][et_pb_column type=\u00bb1_4&#8243; _builder_version=\u00bb4.27.4&#8243; custom_padding=\u00bb74px|||\u00bb custom_padding_tablet=\u00bb40px|||\u00bb custom_padding_phone=\u00bb20px|||\u00bb custom_padding_last_edited=\u00bboff|desktop\u00bb global_colors_info=\u00bb{}\u00bb padding_phone=\u00bb20px|||\u00bb padding_tablet=\u00bb40px|||\u00bb padding_last_edited=\u00bboff|desktop\u00bb custom_padding__hover=\u00bb|||\u00bb][et_pb_blurb icon_placement=\u00bbleft\u00bb image_icon_width=\u00bb24px\u00bb _builder_version=\u00bb4.27.4&#8243; header_level=\u00bbh5&#8243; header_font=\u00bbRaleway|700|||||||\u00bb header_line_height=\u00bb1.4em\u00bb icon_font_size=\u00bb24px\u00bb locked=\u00bboff\u00bb global_colors_info=\u00bb{}\u00bb][\/et_pb_blurb][\/et_pb_column][et_pb_column type=\u00bb1_4&#8243; _builder_version=\u00bb4.16&#8243; custom_padding=\u00bb74px|||\u00bb custom_padding_tablet=\u00bb40px|||\u00bb custom_padding_phone=\u00bb20px|||\u00bb custom_padding_last_edited=\u00bboff|desktop\u00bb global_colors_info=\u00bb{}\u00bb padding_phone=\u00bb20px|||\u00bb padding_tablet=\u00bb40px|||\u00bb padding_last_edited=\u00bboff|desktop\u00bb custom_padding__hover=\u00bb|||\u00bb][et_pb_blurb icon_placement=\u00bbleft\u00bb image_icon_width=\u00bb24px\u00bb _builder_version=\u00bb4.27.4&#8243; header_level=\u00bbh5&#8243; header_font=\u00bbRaleway|700|||||||\u00bb header_line_height=\u00bb1.4em\u00bb icon_font_size=\u00bb24px\u00bb locked=\u00bboff\u00bb global_colors_info=\u00bb{}\u00bb][\/et_pb_blurb][\/et_pb_column][et_pb_column type=\u00bb1_4&#8243; _builder_version=\u00bb4.16&#8243; custom_padding=\u00bb74px|||\u00bb custom_padding_tablet=\u00bb40px|||\u00bb custom_padding_phone=\u00bb20px|||\u00bb custom_padding_last_edited=\u00bboff|desktop\u00bb global_colors_info=\u00bb{}\u00bb padding_phone=\u00bb20px|||\u00bb padding_tablet=\u00bb40px|||\u00bb padding_last_edited=\u00bboff|desktop\u00bb custom_padding__hover=\u00bb|||\u00bb][et_pb_blurb icon_placement=\u00bbleft\u00bb image_icon_width=\u00bb24px\u00bb _builder_version=\u00bb4.27.4&#8243; header_level=\u00bbh5&#8243; header_font=\u00bbRaleway|700|||||||\u00bb header_line_height=\u00bb1.4em\u00bb icon_font_size=\u00bb24px\u00bb locked=\u00bboff\u00bb global_colors_info=\u00bb{}\u00bb][\/et_pb_blurb][\/et_pb_column][et_pb_column type=\u00bb1_4&#8243; _builder_version=\u00bb4.27.4&#8243; background_color=\u00bbRGBA(255,255,255,0)\u00bb custom_padding=\u00bb|||\u00bb custom_padding_tablet=\u00bb20px||20px||true\u00bb custom_padding_last_edited=\u00bboff|desktop\u00bb global_colors_info=\u00bb{}\u00bb padding_tablet=\u00bb20px||20px||true\u00bb padding_last_edited=\u00bboff|desktop\u00bb custom_padding__hover=\u00bb|||\u00bb][et_pb_button button_text=\u00bbBook Now\u00bb button_alignment=\u00bbcenter\u00bb _builder_version=\u00bb4.27.4&#8243; custom_button=\u00bbon\u00bb button_text_color=\u00bbRGBA(255,255,255,0)\u00bb button_bg_color=\u00bb#eda986&#8243; button_bg_image=\u00bbhttps:\/\/ingardi.com\/wp-content\/uploads\/2025\/12\/cropped-image-59.jpg\u00bb button_border_width=\u00bb10px\u00bb button_border_color=\u00bbRGBA(255,255,255,0)\u00bb button_border_radius=\u00bb0px\u00bb button_font=\u00bbRaleway|700|||||||\u00bb custom_padding=\u00bb60px||60px||true\u00bb button_border_radius_hover=\u00bb0px\u00bb locked=\u00bboff\u00bb global_colors_info=\u00bb{}\u00bb button_text_size__hover_enabled=\u00bboff\u00bb button_one_text_size__hover_enabled=\u00bboff\u00bb button_two_text_size__hover_enabled=\u00bboff\u00bb button_text_color__hover_enabled=\u00bboff\u00bb button_one_text_color__hover_enabled=\u00bboff\u00bb button_two_text_color__hover_enabled=\u00bboff\u00bb button_border_width__hover_enabled=\u00bboff\u00bb button_one_border_width__hover_enabled=\u00bboff\u00bb button_two_border_width__hover_enabled=\u00bboff\u00bb button_border_color__hover_enabled=\u00bboff\u00bb button_one_border_color__hover_enabled=\u00bboff\u00bb button_two_border_color__hover_enabled=\u00bboff\u00bb button_border_radius__hover_enabled=\u00bbon\u00bb button_border_radius__hover=\u00bb0px\u00bb button_one_border_radius__hover_enabled=\u00bboff\u00bb button_two_border_radius__hover_enabled=\u00bboff\u00bb button_letter_spacing__hover_enabled=\u00bboff\u00bb button_one_letter_spacing__hover_enabled=\u00bboff\u00bb button_two_letter_spacing__hover_enabled=\u00bboff\u00bb button_bg_color__hover_enabled=\u00bboff\u00bb button_one_bg_color__hover_enabled=\u00bboff\u00bb button_two_bg_color__hover_enabled=\u00bboff\u00bb][\/et_pb_button][\/et_pb_column][\/et_pb_row][\/et_pb_section][et_pb_section fb_built=\u00bb1&#8243; admin_label=\u00bbDriving Directions\u00bb _builder_version=\u00bb4.16&#8243; global_colors_info=\u00bb{}\u00bb][et_pb_row column_structure=\u00bb1_2,1_2&#8243; _builder_version=\u00bb4.16&#8243; global_colors_info=\u00bb{}\u00bb][et_pb_column type=\u00bb1_2&#8243; _builder_version=\u00bb4.16&#8243; custom_padding=\u00bb|||\u00bb global_colors_info=\u00bb{}\u00bb custom_padding__hover=\u00bb|||\u00bb][et_pb_text _builder_version=\u00bb4.27.4&#8243; text_font=\u00bb||||||||\u00bb text_font_size=\u00bb16px\u00bb text_line_height=\u00bb2em\u00bb header_font=\u00bb||||||||\u00bb header_2_font=\u00bbRaleway|700|||||||\u00bb header_2_font_size=\u00bb50px\u00bb header_2_line_height=\u00bb1.4em\u00bb header_6_font=\u00bbRaleway|700||on|||||\u00bb header_6_font_size=\u00bb16px\u00bb header_6_letter_spacing=\u00bb5px\u00bb header_6_line_height=\u00bb1.8em\u00bb max_width=\u00bb700px\u00bb module_alignment=\u00bbcenter\u00bb header_2_font_size_tablet=\u00bb35px\u00bb header_2_font_size_phone=\u00bb25px\u00bb header_2_font_size_last_edited=\u00bbon|phone\u00bb global_colors_info=\u00bb{}\u00bb]<\/p>\n<h6>Contacto<\/h6>\n<h2>\u00a0localizaci\u00f3n<\/h2>\n<p style=\"text-align: justify;\">Estamos a tu disposici\u00f3n para resolver cualquier consulta relacionada con nuestros servicios de arquitectura, urbanismo y gesti\u00f3n t\u00e9cnica. Puedes contactarnos directamente o visitarnos en nuestra oficina en Alicante.<\/p>\n<p>[\/et_pb_text][\/et_pb_column][et_pb_column type=\u00bb1_2&#8243; _builder_version=\u00bb4.16&#8243; custom_padding=\u00bb|||\u00bb global_colors_info=\u00bb{}\u00bb custom_padding__hover=\u00bb|||\u00bb][\/et_pb_column][\/et_pb_row][et_pb_row column_structure=\u00bb1_2,1_2&#8243; _builder_version=\u00bb4.16&#8243; global_colors_info=\u00bb{}\u00bb][et_pb_column type=\u00bb1_2&#8243; _builder_version=\u00bb4.16&#8243; custom_padding=\u00bb|||\u00bb global_colors_info=\u00bb{}\u00bb custom_padding__hover=\u00bb|||\u00bb][et_pb_text _builder_version=\u00bb4.27.5&#8243; text_font=\u00bb||||||||\u00bb ul_font=\u00bb||||||||\u00bb ul_line_height=\u00bb2em\u00bb header_font=\u00bb||||||||\u00bb header_5_font=\u00bbRaleway|700|||||||\u00bb header_5_font_size=\u00bb20px\u00bb header_5_line_height=\u00bb1.4em\u00bb custom_padding=\u00bb40px|40px|40px|40px|true|true\u00bb header_5_font_size_tablet=\u00bb35px\u00bb header_5_font_size_phone=\u00bb25px\u00bb header_5_font_size_last_edited=\u00bbon|phone\u00bb border_width_all=\u00bb2px\u00bb border_color_all=\u00bb#f5f5f5&#8243; global_colors_info=\u00bb{}\u00bb]<\/p>\n<h5>Oficina _inGarDi<\/h5>\n<ul>\n<li data-start=\"628\" data-end=\"668\">\n<p data-start=\"630\" data-end=\"668\">\ud83d\udccd Calle Joaqu\u00edn Orozco n\u00ba 16 \u2013 Bajo<\/p>\n<\/li>\n<li data-start=\"669\" data-end=\"701\">\n<p data-start=\"671\" data-end=\"701\">\ud83d\udcee 03006 \u00b7 Alicante \u00b7 Espa\u00f1a<\/p>\n<\/li>\n<li data-start=\"702\" data-end=\"731\">\n<p data-start=\"704\" data-end=\"731\">\ud83d\udcde Tel\u00e9fono: 965 92 66 36<\/p>\n<\/li>\n<li data-start=\"732\" data-end=\"770\">\n<p data-start=\"734\" data-end=\"770\">\ud83d\udce7 Email general: <a data-start=\"752\" data-end=\"768\" class=\"decorated-link cursor-pointer\" rel=\"noopener\">info@ingardi.com<span aria-hidden=\"true\" class=\"ms-0.5 inline-block align-middle leading-none\"><svg width=\"20\" height=\"20\" viewbox=\"0 0 20 20\" fill=\"currentColor\" xmlns=\"http:\/\/www.w3.org\/2000\/svg\" data-rtl-flip=\"\" class=\"block h-[0.75em] w-[0.75em] stroke-current stroke-[0.75]\"><path d=\"M14.3349 13.3301V6.60645L5.47065 15.4707C5.21095 15.7304 4.78895 15.7304 4.52925 15.4707C4.26955 15.211 4.26955 14.789 4.52925 14.5293L13.3935 5.66504H6.66011C6.29284 5.66504 5.99507 5.36727 5.99507 5C5.99507 4.63273 6.29284 4.33496 6.66011 4.33496H14.9999L15.1337 4.34863C15.4369 4.41057 15.665 4.67857 15.665 5V13.3301C15.6649 13.6973 15.3672 13.9951 14.9999 13.9951C14.6327 13.9951 14.335 13.6973 14.3349 13.3301Z\"><\/path><\/svg><\/span><\/a><\/p>\n<\/li>\n<li data-start=\"771\" data-end=\"815\">\n<p data-start=\"773\" data-end=\"815\">\ud83d\udce7 Gabinete t\u00e9cnico: <a data-start=\"794\" data-end=\"813\" class=\"decorated-link cursor-pointer\" rel=\"noopener\">estudio@ingardi.com<span aria-hidden=\"true\" class=\"ms-0.5 inline-block align-middle leading-none\"><svg width=\"20\" height=\"20\" viewbox=\"0 0 20 20\" fill=\"currentColor\" xmlns=\"http:\/\/www.w3.org\/2000\/svg\" data-rtl-flip=\"\" class=\"block h-[0.75em] w-[0.75em] stroke-current stroke-[0.75]\"><path d=\"M14.3349 13.3301V6.60645L5.47065 15.4707C5.21095 15.7304 4.78895 15.7304 4.52925 15.4707C4.26955 15.211 4.26955 14.789 4.52925 14.5293L13.3935 5.66504H6.66011C6.29284 5.66504 5.99507 5.36727 5.99507 5C5.99507 4.63273 6.29284 4.33496 6.66011 4.33496H14.9999L15.1337 4.34863C15.4369 4.41057 15.665 4.67857 15.665 5V13.3301C15.6649 13.6973 15.3672 13.9951 14.9999 13.9951C14.6327 13.9951 14.335 13.6973 14.3349 13.3301Z\"><\/path><\/svg><\/span><\/a><\/p>\n<\/li>\n<li data-start=\"816\" data-end=\"858\">\n<p data-start=\"818\" data-end=\"858\">\ud83c\udfe2 Atenci\u00f3n presencial con cita previa<\/p>\n<\/li>\n<\/ul>\n<p>&nbsp;<\/p>\n<p>&nbsp;<\/p>\n<p>&nbsp;<\/p>\n<ul>\n<li data-start=\"1099\" data-end=\"1155\">\n<p data-start=\"1101\" data-end=\"1155\">\ud83d\udd58 Atenci\u00f3n de lunes a viernes en horario de oficina<\/p>\n<\/li>\n<li data-start=\"1156\" data-end=\"1203\">\n<p data-start=\"1158\" data-end=\"1203\">\u2709\ufe0f Respuesta habitual en 24\u201348 h laborables<\/p>\n<\/li>\n<\/ul>\n<p>[\/et_pb_text][\/et_pb_column][et_pb_column type=\u00bb1_2&#8243; _builder_version=\u00bb4.16&#8243; custom_padding=\u00bb|||\u00bb global_colors_info=\u00bb{}\u00bb custom_padding__hover=\u00bb|||\u00bb][\/et_pb_column][\/et_pb_row][et_pb_row column_structure=\u00bb1_2,1_2&#8243; _builder_version=\u00bb4.16&#8243; global_colors_info=\u00bb{}\u00bb][et_pb_column type=\u00bb1_2&#8243; _builder_version=\u00bb4.16&#8243; custom_padding=\u00bb|||\u00bb global_colors_info=\u00bb{}\u00bb custom_padding__hover=\u00bb|||\u00bb][et_pb_text _builder_version=\u00bb4.27.5&#8243; text_font=\u00bb||||||||\u00bb ul_font=\u00bb||||||||\u00bb ul_line_height=\u00bb2em\u00bb header_font=\u00bb||||||||\u00bb header_5_font=\u00bbRaleway|700|||||||\u00bb header_5_font_size=\u00bb20px\u00bb header_5_line_height=\u00bb1.4em\u00bb custom_padding=\u00bb40px|40px|40px|40px|true|true\u00bb header_5_font_size_tablet=\u00bb35px\u00bb header_5_font_size_phone=\u00bb25px\u00bb header_5_font_size_last_edited=\u00bbon|phone\u00bb border_width_all=\u00bb2px\u00bb border_color_all=\u00bb#f5f5f5&#8243; global_colors_info=\u00bb{}\u00bb]<\/p>\n<h5>Desde el Sur<\/h5>\n<ul>\n<li data-start=\"230\" data-end=\"291\">\n<p data-start=\"232\" data-end=\"291\">Acceso principal desde la A-70 direcci\u00f3n Alicante centro.<\/p>\n<\/li>\n<li data-start=\"292\" data-end=\"341\">\n<p data-start=\"294\" data-end=\"341\">Toma la salida hacia V\u00eda Parque \/ Zona Babel.<\/p>\n<\/li>\n<li data-start=\"342\" data-end=\"407\">\n<p data-start=\"344\" data-end=\"407\">Contin\u00faa por las v\u00edas principales hasta Calle Joaqu\u00edn Orozco.<\/p>\n<\/li>\n<li data-start=\"408\" data-end=\"479\">\n<p data-start=\"410\" data-end=\"479\">Nuestra oficina se encuentra a pie de calle, en el n\u00famero 16, bajo.<\/p>\n<\/li>\n<li data-start=\"480\" data-end=\"558\">\n<p data-start=\"482\" data-end=\"558\">Zona de f\u00e1cil acceso tanto en veh\u00edculo privado como en transporte p\u00fablico.<\/p>\n<\/li>\n<li data-start=\"559\" data-end=\"618\">\n<p data-start=\"561\" data-end=\"618\">Se recomienda concertar cita previa antes de la visita.<\/p>\n<\/li>\n<\/ul>\n<p>[\/et_pb_text][\/et_pb_column][et_pb_column type=\u00bb1_2&#8243; _builder_version=\u00bb4.16&#8243; custom_padding=\u00bb|||\u00bb global_colors_info=\u00bb{}\u00bb custom_padding__hover=\u00bb|||\u00bb][\/et_pb_column][\/et_pb_row][et_pb_row column_structure=\u00bb1_2,1_2&#8243; _builder_version=\u00bb4.16&#8243; custom_margin=\u00bb40px|||\u00bb custom_padding=\u00bb60px|||\u00bb border_color_all=\u00bb#f5f5f5&#8243; border_width_top=\u00bb2px\u00bb locked=\u00bboff\u00bb global_colors_info=\u00bb{}\u00bb][et_pb_column type=\u00bb1_2&#8243; _builder_version=\u00bb4.16&#8243; custom_padding=\u00bb|||\u00bb global_colors_info=\u00bb{}\u00bb custom_padding__hover=\u00bb|||\u00bb][et_pb_blurb title=\u00bbAtenci\u00f3n y visitas\u00bb _builder_version=\u00bb4.27.5&#8243; header_level=\u00bbh5&#8243; header_font=\u00bbRaleway|700|||||||\u00bb header_font_size=\u00bb20px\u00bb header_line_height=\u00bb1.2em\u00bb body_font=\u00bb||||||||\u00bb body_line_height=\u00bb2em\u00bb custom_margin=\u00bb||10px|\u00bb global_colors_info=\u00bb{}\u00bb]<\/p>\n<p>Nuestro equipo atiende tanto consultas presenciales como a distancia. Para ofrecer un mejor servicio, las visitas a la oficina se realizan preferentemente con cita previa.<\/p>\n<p data-start=\"860\" data-end=\"926\"><strong data-start=\"860\" data-end=\"884\">Horario de atenci\u00f3n:<\/strong><br data-start=\"884\" data-end=\"887\" \/>Lunes a viernes, en horario de oficina.<\/p>\n<p data-start=\"928\" data-end=\"994\"><strong data-start=\"928\" data-end=\"938\">Citas:<\/strong><br data-start=\"938\" data-end=\"941\" \/>Pueden solicitarse por tel\u00e9fono o correo electr\u00f3nico.<\/p>\n<p data-start=\"996\" data-end=\"1032\">\ud83d\udc49 <em data-start=\"999\" data-end=\"1032\">Disponibilidad sujeta a agenda.<\/em><\/p>\n<p>[\/et_pb_blurb][\/et_pb_column][et_pb_column type=\u00bb1_2&#8243; _builder_version=\u00bb4.16&#8243; custom_padding=\u00bb|||\u00bb global_colors_info=\u00bb{}\u00bb custom_padding__hover=\u00bb|||\u00bb][et_pb_blurb title=\u00bbPol\u00edtica de contacto\u00bb _builder_version=\u00bb4.27.5&#8243; header_level=\u00bbh5&#8243; header_font=\u00bbRaleway|700|||||||\u00bb header_font_size=\u00bb20px\u00bb header_line_height=\u00bb1.2em\u00bb body_font=\u00bb||||||||\u00bb body_line_height=\u00bb2em\u00bb custom_margin=\u00bb||10px|\u00bb global_colors_info=\u00bb{}\u00bb]<\/p>\n<p>Todas las consultas recibidas son atendidas por el equipo t\u00e9cnico correspondiente seg\u00fan la naturaleza del proyecto.<\/p>\n<ul data-start=\"1218\" data-end=\"1443\">\n<li data-start=\"1218\" data-end=\"1279\">\n<p data-start=\"1220\" data-end=\"1279\">Respuesta habitual en un plazo de 24\u201348 horas laborables.<\/p>\n<\/li>\n<li data-start=\"1280\" data-end=\"1363\">\n<p data-start=\"1282\" data-end=\"1363\">Los presupuestos y estudios t\u00e9cnicos requieren informaci\u00f3n previa del proyecto.<\/p>\n<\/li>\n<li data-start=\"1364\" data-end=\"1443\">\n<p data-start=\"1366\" data-end=\"1443\">La modificaci\u00f3n o ampliaci\u00f3n de solicitudes podr\u00e1 realizarse bajo petici\u00f3n.<\/p>\n<\/li>\n<\/ul>\n<p data-start=\"1445\" data-end=\"1519\">\ud83d\udc49 <em data-start=\"1448\" data-end=\"1519\">Para informaci\u00f3n detallada, contacta directamente con nuestro equipo.<\/em><\/p>\n<p>[\/et_pb_blurb][\/et_pb_column][\/et_pb_row][\/et_pb_section]<\/p>\n","protected":false},"excerpt":{"rendered":"<p>_m\u00e1s que un \u00a0 \u00a0 \u00a0 \u00a0 \u00a0 \u00a0ContactoContacto \u00a0localizaci\u00f3n Estamos a tu disposici\u00f3n para resolver cualquier consulta relacionada con nuestros servicios de arquitectura, urbanismo y gesti\u00f3n t\u00e9cnica. Puedes contactarnos directamente o visitarnos en nuestra oficina en Alicante.Oficina _inGarDi \ud83d\udccd Calle Joaqu\u00edn Orozco n\u00ba 16 \u2013 Bajo \ud83d\udcee 03006 \u00b7 Alicante \u00b7 Espa\u00f1a \ud83d\udcde Tel\u00e9fono: [&hellip;]<\/p>\n","protected":false},"author":1,"featured_media":0,"parent":0,"menu_order":0,"comment_status":"closed","ping_status":"closed","template":"","meta":{"_et_pb_use_builder":"on","_et_pb_old_content":"","_et_gb_content_width":"","footnotes":""},"class_list":["post-159","page","type-page","status-publish","hentry"],"yoast_head":"<!-- This site is optimized with the Yoast SEO plugin v27.4 - https:\/\/yoast.com\/product\/yoast-seo-wordpress\/ -->\n<title>_contacto - INGARDI<\/title>\n<meta name=\"robots\" content=\"index, follow, max-snippet:-1, max-image-preview:large, max-video-preview:-1\" \/>\n<link rel=\"canonical\" href=\"https:\/\/ingardi.com\/?page_id=159\" \/>\n<meta property=\"og:locale\" content=\"es_ES\" \/>\n<meta property=\"og:type\" content=\"article\" \/>\n<meta property=\"og:title\" content=\"_contacto - INGARDI\" \/>\n<meta property=\"og:description\" content=\"_m\u00e1s que un \u00a0 \u00a0 \u00a0 \u00a0 \u00a0 \u00a0ContactoContacto \u00a0localizaci\u00f3n Estamos a tu disposici\u00f3n para resolver cualquier consulta relacionada con nuestros servicios de arquitectura, urbanismo y gesti\u00f3n t\u00e9cnica. Puedes contactarnos directamente o visitarnos en nuestra oficina en Alicante.Oficina _inGarDi \ud83d\udccd Calle Joaqu\u00edn Orozco n\u00ba 16 \u2013 Bajo \ud83d\udcee 03006 \u00b7 Alicante \u00b7 Espa\u00f1a \ud83d\udcde Tel\u00e9fono: [&hellip;]\" \/>\n<meta property=\"og:url\" content=\"https:\/\/ingardi.com\/?page_id=159\" \/>\n<meta property=\"og:site_name\" content=\"INGARDI\" \/>\n<meta property=\"article:modified_time\" content=\"2026-04-14T11:46:14+00:00\" \/>\n<meta name=\"twitter:card\" content=\"summary_large_image\" \/>\n<meta name=\"twitter:label1\" content=\"Tiempo de lectura\" \/>\n\t<meta name=\"twitter:data1\" content=\"8 minutos\" \/>\n<script type=\"application\/ld+json\" class=\"yoast-schema-graph\">{\"@context\":\"https:\\\/\\\/schema.org\",\"@graph\":[{\"@type\":\"WebPage\",\"@id\":\"https:\\\/\\\/ingardi.com\\\/?page_id=159\",\"url\":\"https:\\\/\\\/ingardi.com\\\/?page_id=159\",\"name\":\"_contacto - INGARDI\",\"isPartOf\":{\"@id\":\"https:\\\/\\\/ingardi.com\\\/#website\"},\"datePublished\":\"2025-12-14T10:00:57+00:00\",\"dateModified\":\"2026-04-14T11:46:14+00:00\",\"breadcrumb\":{\"@id\":\"https:\\\/\\\/ingardi.com\\\/?page_id=159#breadcrumb\"},\"inLanguage\":\"es\",\"potentialAction\":[{\"@type\":\"ReadAction\",\"target\":[\"https:\\\/\\\/ingardi.com\\\/?page_id=159\"]}]},{\"@type\":\"BreadcrumbList\",\"@id\":\"https:\\\/\\\/ingardi.com\\\/?page_id=159#breadcrumb\",\"itemListElement\":[{\"@type\":\"ListItem\",\"position\":1,\"name\":\"Portada\",\"item\":\"https:\\\/\\\/ingardi.com\\\/\"},{\"@type\":\"ListItem\",\"position\":2,\"name\":\"_contacto\"}]},{\"@type\":\"WebSite\",\"@id\":\"https:\\\/\\\/ingardi.com\\\/#website\",\"url\":\"https:\\\/\\\/ingardi.com\\\/\",\"name\":\"INGARDI\",\"description\":\"\",\"publisher\":{\"@id\":\"https:\\\/\\\/ingardi.com\\\/#organization\"},\"potentialAction\":[{\"@type\":\"SearchAction\",\"target\":{\"@type\":\"EntryPoint\",\"urlTemplate\":\"https:\\\/\\\/ingardi.com\\\/?s={search_term_string}\"},\"query-input\":{\"@type\":\"PropertyValueSpecification\",\"valueRequired\":true,\"valueName\":\"search_term_string\"}}],\"inLanguage\":\"es\"},{\"@type\":\"Organization\",\"@id\":\"https:\\\/\\\/ingardi.com\\\/#organization\",\"name\":\"INGARDI\",\"url\":\"https:\\\/\\\/ingardi.com\\\/\",\"logo\":{\"@type\":\"ImageObject\",\"inLanguage\":\"es\",\"@id\":\"https:\\\/\\\/ingardi.com\\\/#\\\/schema\\\/logo\\\/image\\\/\",\"url\":\"https:\\\/\\\/ingardi.com\\\/wp-content\\\/uploads\\\/2025\\\/12\\\/cropped-image-59.jpg\",\"contentUrl\":\"https:\\\/\\\/ingardi.com\\\/wp-content\\\/uploads\\\/2025\\\/12\\\/cropped-image-59.jpg\",\"width\":512,\"height\":512,\"caption\":\"INGARDI\"},\"image\":{\"@id\":\"https:\\\/\\\/ingardi.com\\\/#\\\/schema\\\/logo\\\/image\\\/\"}}]}<\/script>\n<!-- \/ Yoast SEO plugin. -->","yoast_head_json":{"title":"_contacto - INGARDI","robots":{"index":"index","follow":"follow","max-snippet":"max-snippet:-1","max-image-preview":"max-image-preview:large","max-video-preview":"max-video-preview:-1"},"canonical":"https:\/\/ingardi.com\/?page_id=159","og_locale":"es_ES","og_type":"article","og_title":"_contacto - INGARDI","og_description":"_m\u00e1s que un \u00a0 \u00a0 \u00a0 \u00a0 \u00a0 \u00a0ContactoContacto \u00a0localizaci\u00f3n Estamos a tu disposici\u00f3n para resolver cualquier consulta relacionada con nuestros servicios de arquitectura, urbanismo y gesti\u00f3n t\u00e9cnica. Puedes contactarnos directamente o visitarnos en nuestra oficina en Alicante.Oficina _inGarDi \ud83d\udccd Calle Joaqu\u00edn Orozco n\u00ba 16 \u2013 Bajo \ud83d\udcee 03006 \u00b7 Alicante \u00b7 Espa\u00f1a \ud83d\udcde Tel\u00e9fono: [&hellip;]","og_url":"https:\/\/ingardi.com\/?page_id=159","og_site_name":"INGARDI","article_modified_time":"2026-04-14T11:46:14+00:00","twitter_card":"summary_large_image","twitter_misc":{"Tiempo de lectura":"8 minutos"},"schema":{"@context":"https:\/\/schema.org","@graph":[{"@type":"WebPage","@id":"https:\/\/ingardi.com\/?page_id=159","url":"https:\/\/ingardi.com\/?page_id=159","name":"_contacto - INGARDI","isPartOf":{"@id":"https:\/\/ingardi.com\/#website"},"datePublished":"2025-12-14T10:00:57+00:00","dateModified":"2026-04-14T11:46:14+00:00","breadcrumb":{"@id":"https:\/\/ingardi.com\/?page_id=159#breadcrumb"},"inLanguage":"es","potentialAction":[{"@type":"ReadAction","target":["https:\/\/ingardi.com\/?page_id=159"]}]},{"@type":"BreadcrumbList","@id":"https:\/\/ingardi.com\/?page_id=159#breadcrumb","itemListElement":[{"@type":"ListItem","position":1,"name":"Portada","item":"https:\/\/ingardi.com\/"},{"@type":"ListItem","position":2,"name":"_contacto"}]},{"@type":"WebSite","@id":"https:\/\/ingardi.com\/#website","url":"https:\/\/ingardi.com\/","name":"INGARDI","description":"","publisher":{"@id":"https:\/\/ingardi.com\/#organization"},"potentialAction":[{"@type":"SearchAction","target":{"@type":"EntryPoint","urlTemplate":"https:\/\/ingardi.com\/?s={search_term_string}"},"query-input":{"@type":"PropertyValueSpecification","valueRequired":true,"valueName":"search_term_string"}}],"inLanguage":"es"},{"@type":"Organization","@id":"https:\/\/ingardi.com\/#organization","name":"INGARDI","url":"https:\/\/ingardi.com\/","logo":{"@type":"ImageObject","inLanguage":"es","@id":"https:\/\/ingardi.com\/#\/schema\/logo\/image\/","url":"https:\/\/ingardi.com\/wp-content\/uploads\/2025\/12\/cropped-image-59.jpg","contentUrl":"https:\/\/ingardi.com\/wp-content\/uploads\/2025\/12\/cropped-image-59.jpg","width":512,"height":512,"caption":"INGARDI"},"image":{"@id":"https:\/\/ingardi.com\/#\/schema\/logo\/image\/"}}]}},"_links":{"self":[{"href":"https:\/\/ingardi.com\/index.php?rest_route=\/wp\/v2\/pages\/159","targetHints":{"allow":["GET"]}}],"collection":[{"href":"https:\/\/ingardi.com\/index.php?rest_route=\/wp\/v2\/pages"}],"about":[{"href":"https:\/\/ingardi.com\/index.php?rest_route=\/wp\/v2\/types\/page"}],"author":[{"embeddable":true,"href":"https:\/\/ingardi.com\/index.php?rest_route=\/wp\/v2\/users\/1"}],"replies":[{"embeddable":true,"href":"https:\/\/ingardi.com\/index.php?rest_route=%2Fwp%2Fv2%2Fcomments&post=159"}],"version-history":[{"count":21,"href":"https:\/\/ingardi.com\/index.php?rest_route=\/wp\/v2\/pages\/159\/revisions"}],"predecessor-version":[{"id":1125,"href":"https:\/\/ingardi.com\/index.php?rest_route=\/wp\/v2\/pages\/159\/revisions\/1125"}],"wp:attachment":[{"href":"https:\/\/ingardi.com\/index.php?rest_route=%2Fwp%2Fv2%2Fmedia&parent=159"}],"curies":[{"name":"wp","href":"https:\/\/api.w.org\/{rel}","templated":true}]}}